{"id":8701,"date":"2025-09-23T02:14:48","date_gmt":"2025-09-23T02:14:48","guid":{"rendered":"https:\/\/martialarts.budo7.com\/soke-irie-yasuhiro-honors-metin-kayar-pressemitteilung\/"},"modified":"2025-09-26T08:28:05","modified_gmt":"2025-09-26T08:28:05","slug":"soke-irie-yasuhiro-honors-metin-kayar-pressemitteilung","status":"publish","type":"page","link":"https:\/\/martialarts.budo7.com\/tr\/soke-irie-yasuhiro-honors-metin-kayar-pressemitteilung\/","title":{"rendered":"Bas\u0131n A\u00e7\u0131klamas\u0131 (Uzun Versiyon)"},"content":{"rendered":"\t\t<div data-elementor-type=\"wp-page\" data-elementor-id=\"8701\" class=\"elementor elementor-8701 elementor-8506\" data-elementor-post-type=\"page\">\n\t\t\t\t<div class=\"elementor-element elementor-element-a4bae38 e-flex e-con-boxed e-con e-parent\" data-id=\"a4bae38\" data-element_type=\"container\">\n\t\t\t\t\t<div class=\"e-con-inner\">\n\t\t\t\t<div class=\"elementor-element elementor-element-8a9b5ee elementor-widget elementor-widget-heading\" data-id=\"8a9b5ee\" data-element_type=\"widget\" data-widget_type=\"heading.default\">\n\t\t\t\t<div class=\"elementor-widget-container\">\n\t\t\t\t\t<h2 class=\"elementor-heading-title elementor-size-default\">Bas\u0131n A\u00e7\u0131klamas\u0131 (Uzun Versiyon)<\/h2>\t\t\t\t<\/div>\n\t\t\t\t<\/div>\n\t\t\t\t<div class=\"elementor-element elementor-element-69f12b3 elementor-widget elementor-widget-text-editor\" data-id=\"69f12b3\" data-element_type=\"widget\" data-widget_type=\"text-editor.default\">\n\t\t\t\t<div class=\"elementor-widget-container\">\n\t\t\t\t\t\t\t\t\t<p><b>\u0130stanbul: Soke Irie Yasuhiro, Metin Kayar&#8217;\u0131 onurland\u0131r\u0131yor \u2013 &#8220;Recognition of Excellence&#8221;; 10. Dan Hanshi on y\u0131l sonra yeniden teyit edildi ve Kokodo Bujutsu&#8217;daki haleflik onayland\u0131<\/b><\/p><p><b>\u0130stanbul, 19 Eyl\u00fcl 2025.<\/b> <b>Soke Irie Yasuhiro<\/b><span style=\"font-weight: 400;\">, <\/span><b>Kokodo Jujutsu &amp; Kokodo Bujutsu<\/b><span style=\"font-weight: 400;\">&#8216;nun kurucusu, Japonya&#8217;dan \u0130stanbul&#8217;a Liechtensteiner d\u00f6v\u00fc\u015f sanat\u00e7\u0131s\u0131 <\/span><b>Metin Kayar<\/b><span style=\"font-weight: 400;\">&#8216;\u0131 onurland\u0131rmak ve <\/span><b>yakla\u015f\u0131k on y\u0131l \u00f6nce verilen 10. Dan (Hanshi) derecesini<\/b><span style=\"font-weight: 400;\"> kamuoyunda teyit etmek i\u00e7in geldi \u2013 bu takdir <\/span><b>&#8220;Recognition of Excellence \u2013 Metin Kayar&#8221;<\/b><span style=\"font-weight: 400;\">  plakas\u0131nda kay\u0131t alt\u0131na al\u0131nd\u0131. Ayn\u0131 zamanda Soke Irie, Kayar&#8217;\u0131n   <\/span><b>Kokodo Bujutsu&#8217;daki halef<\/b><span style=\"font-weight: 400;\"> rol\u00fcn\u00fc onaylad\u0131 ve Kayar&#8217;\u0131n <\/span><b>ge\u00e7en on y\u0131lda<\/b><span style=\"font-weight: 400;\"> bu derece ile etkileyici \u015fekilde kan\u0131tlad\u0131\u011f\u0131 ba\u015far\u0131lar\u0131 takdir etti; 10. Dan&#8217;\u0131 <\/span><b>o zamanlar \u00e7ok gen\u00e7ken<\/b><span style=\"font-weight: 400;\"> alm\u0131\u015ft\u0131.<\/span><\/p><p><span style=\"font-weight: 400;\">&#8220;<\/span><b>Japonya&#8217;da en b\u00fcy\u00fck erdemimiz, ba\u015fkalar\u0131na sayg\u0131 ve insanl\u0131kla hizmet etmektir. Metin Kayar&#8217;\u0131n \u00e7al\u0131\u015fmas\u0131nda d\u00f6v\u00fc\u015f sanatlar\u0131n\u0131n gelece\u011fini g\u00f6r\u00fcyorum. O, t\u00fcm geleneklerin \u00f6z\u00fcn\u00fc birle\u015ftiren ger\u00e7ek bir el\u00e7idir. B\u00f6yle bir ki\u015fiyi onurland\u0131rmak, d\u00f6v\u00fc\u015f sanatlar\u0131n\u0131n kendisini onurland\u0131rmak demektir.   <\/b><span style=\"font-weight: 400;\">&#8221; \u2014 <\/span><b>Soke Irie Yasuhiro<\/b><\/p><p><b>Metin Kayar<\/b><span style=\"font-weight: 400;\">, 16 kez d\u00fcnya \u015fampiyonu, <\/span><b>Budokan Sistemi BUDO7&#8217;nin kurucusu<\/b><span style=\"font-weight: 400;\"> ve <\/span><b>Kokusai Budokan Renmei&#8217;nin ba\u015fkan\u0131<\/b><span style=\"font-weight: 400;\">, uluslararas\u0131 programlar y\u00f6netiyor ve dojolar\u0131 stil s\u0131n\u0131rlar\u0131n\u0131 a\u015farak birbirine ba\u011fl\u0131yor. &#8220;<\/span><b>Bu \u00f6d\u00fcl bir ba\u011f\u0131ml\u0131l\u0131k de\u011fil, kendi yolumun onaylanmas\u0131d\u0131r<\/b><span style=\"font-weight: 400;\">&#8221; diyor Kayar. &#8220;<\/span><b>K\u00f6pr\u00fcler kurmak istiyorum: gelene\u011fi korumak, insanlar\u0131 birle\u015ftirmek ve d\u00fcnya \u00e7ap\u0131nda okullara destek olmak.<\/b><span style=\"font-weight: 400;\">&#8220;<\/span><\/p><p><span style=\"font-weight: 400;\">Kayar&#8217;\u0131n yolu daha \u00f6nce uluslararas\u0131 d\u00fczeyde desteklendi: <\/span><b>Liechtenstein ve \u0130svi\u00e7re&#8217;deki Japon B\u00fcy\u00fckel\u00e7ilikleri<\/b><span style=\"font-weight: 400;\"> taraf\u0131ndan desteklenerek sistemini <\/span><b>Japonya ve Okinawa&#8217;da yakla\u015f\u0131k 30 okulda<\/b><span style=\"font-weight: 400;\">.  sundu.  <\/span><b>Schaan (Liechtenstein)<\/b><span style=\"font-weight: 400;\">&#8216;da 10. Dan Hanshi unvan\u0131n\u0131n belirtildi\u011fi <\/span><b>alt\u0131n onur plaketi<\/b><span style=\"font-weight: 400;\"> ald\u0131, bu plaka <\/span><b>\u0130svi\u00e7re Japon B\u00fcy\u00fckel\u00e7isi Say\u0131n Maida<\/b><span style=\"font-weight: 400;\">.  taraf\u0131ndan takdim edildi. Daha sonra Japonya&#8217;da  <\/span><b>\u015finto t\u00f6reni<\/b><span style=\"font-weight: 400;\"> ile Soke Irie taraf\u0131ndan verildi \u2013 \u0130stanbul&#8217;daki tan\u0131nma Kayar&#8217;\u0131n <\/span><b>son on y\u0131ldaki geli\u015fimini<\/b><span style=\"font-weight: 400;\"> takdir ediyor.<\/span><\/p><p><b>Daha fazla bilgi, foto\u011fraf ve video:<\/b> <b>martialarts.budo7.com<\/b><\/p><h3><b>Metin Kayar \/ BUDO7 Hakk\u0131nda<\/b><\/h3><p><span style=\"font-weight: 400;\">Metin Kayar <\/span><b>16 kez d\u00fcnya \u015fampiyonu<\/b><span style=\"font-weight: 400;\"> olmu\u015ftur \u2013 bunlar aras\u0131nda <\/span><b>Karate Kumite&#8217;de 6 unvan<\/b><span style=\"font-weight: 400;\">, <\/span><b>Kenjutsu&#8217;da (silah formlar\u0131) 3<\/b><span style=\"font-weight: 400;\">, <\/span><b>Kobudo&#8217;da (karate silahlar\u0131) 2<\/b><span style=\"font-weight: 400;\">, <\/span><b>Karate Kata&#8217;da (form ko\u015fusu) 2<\/b><span style=\"font-weight: 400;\"> ve <\/span><b>Kickboks&#8217;ta 3<\/b><span style=\"font-weight: 400;\">.  unvan bulunuyor. Liechtenstein&#8217;daki Budokan&#8217;\u0131 y\u00f6netiyor ve  <\/span><b>Kokusai Budokan Renmei&#8217;nin ba\u015fkan\u0131<\/b><span style=\"font-weight: 400;\">.<\/span><\/p><p><b>BUDO7<\/b><span style=\"font-weight: 400;\"> \u2013 Kayar&#8217;\u0131n Budokan Sistemi \u2013 yedi geleneksel Japon sanat\u0131n\u0131 modern, de\u011fer temelli bir e\u011fitimde birle\u015ftiriyor: <\/span><b>Kendo, Ken-Jutsu, Kobu-Jutsu, Karate, Goshin-Jutsu, Aiki-Jutsu, Ju-Jutsu<\/b><span style=\"font-weight: 400;\">.<\/span><span style=\"font-weight: 400;\"><br><\/span> <b>Yedi d\u00f6v\u00fc\u015f sanat\u0131. Yedi \u00e7izgi. Yedi ilke. Bir yol.   <\/b><\/p><h3><b>Soke Irie Yasuhiro Hakk\u0131nda<\/b><\/h3><p><b>Soke Irie Yasuhiro<\/b><span style=\"font-weight: 400;\">, <\/span><b>KoKoDo JuJutsu<\/b><span style=\"font-weight: 400;\"> ve <\/span><b>KoKoDo BuJutsu<\/b><span style=\"font-weight: 400;\">. &#8216;nun kurucusudur.  <\/span><b>Daito-ryu Aiki-jujutsu<\/b><span style=\"font-weight: 400;\"> (Takeda Okulu) soyundan geliyor ve <\/span><b>20 y\u0131ldan fazla ba\u015f e\u011fitmen<\/b><span style=\"font-weight: 400;\"> olarak <\/span><b>Okuyama Ryuho<\/b><span style=\"font-weight: 400;\"> alt\u0131nda Hakkoryu Honbu Dojo&#8217;da \u00e7al\u0131\u015ft\u0131; <\/span><b>1971<\/b><span style=\"font-weight: 400;\">&#8216;de <\/span><b>Shihan<\/b><span style=\"font-weight: 400;\"> unvan\u0131n\u0131, <\/span><b>1977<\/b><span style=\"font-weight: 400;\">&#8216;de en y\u00fcksek okul derecesini ve nadir <\/span><b>&#8220;Jodai&#8221;<\/b><span style=\"font-weight: 400;\"> unvan\u0131n\u0131 ald\u0131.<\/span><\/p><p><b>Soke Irie Yasuhiro <\/b><span style=\"font-weight: 400;\">1995<\/span><b>&#8216;te <\/b><span style=\"font-weight: 400;\">KoKoDo S\u014d Hombu Dojo<\/span><b>&#8216;yu kurdu \u2013 <\/b><span style=\"font-weight: 400;\">KoKoDo (\u7687\u5149\u9053)<\/span><b> &#8220;<\/b><span style=\"font-weight: 400;\">imparatorluk \u0131\u015f\u0131\u011f\u0131n\u0131n yolu<\/span><span style=\"font-weight: 400;\">&#8221; anlam\u0131na geliyor. \u00d6\u011fretisi   <\/span><b>Aiki ilkelerini<\/b><span style=\"font-weight: 400;\"> vurguluyor: <\/span><i><span style=\"font-weight: 400;\">fujiru<\/span><\/i><span style=\"font-weight: 400;\"> (etkisiz hale getirme) ve <\/span><i><span style=\"font-weight: 400;\">kuzushi<\/span><\/i><span style=\"font-weight: 400;\"> (dengeyi bozma) gibi ve <\/span><b>mant\u0131kl\u0131, bilimsel didakti\u011fi<\/b><span style=\"font-weight: 400;\">  ile tan\u0131n\u0131yor. Giri\u015f a\u015famas\u0131ndan itibaren temel ilkeler \u015feffaf \u015fekilde aktar\u0131l\u0131yor \u2013 bu pedagojik yakla\u015f\u0131m KoKoDo&#8217;nun uluslararas\u0131 b\u00fcy\u00fcmesini h\u0131zland\u0131rd\u0131. <\/span><\/p><p><b>1988<\/b><span style=\"font-weight: 400;\">&#8216;de Irie ayr\u0131ca <\/span><b>Kokodo Klini\u011fi<\/b><span style=\"font-weight: 400;\">&#8216;ni (Shiatsu, Akupunktur, Moxibustion, Reboutage) a\u00e7t\u0131 ve \u015fifa ile d\u00f6v\u00fc\u015f sanatlar\u0131n\u0131 Bud\u014d&#8217;nun b\u00fct\u00fcnc\u00fcl anlay\u0131\u015f\u0131nda birle\u015ftirdi.<\/span><\/p>\t\t\t\t\t\t\t\t<\/div>\n\t\t\t\t<\/div>\n\t\t\t\t\t<\/div>\n\t\t\t\t<\/div>\n\t\t<div class=\"elementor-element elementor-element-64e27ab e-flex e-con-boxed e-con e-parent\" data-id=\"64e27ab\" data-element_type=\"container\">\n\t\t\t\t\t<div class=\"e-con-inner\">\n\t\t\t\t<div class=\"elementor-element elementor-element-de6d212 elementor-widget elementor-widget-gallery\" data-id=\"de6d212\" data-element_type=\"widget\" data-settings=\"{&quot;columns&quot;:3,&quot;lazyload&quot;:&quot;yes&quot;,&quot;gallery_layout&quot;:&quot;grid&quot;,&quot;columns_tablet&quot;:2,&quot;columns_mobile&quot;:1,&quot;gap&quot;:{&quot;unit&quot;:&quot;px&quot;,&quot;size&quot;:10,&quot;sizes&quot;:[]},&quot;gap_tablet&quot;:{&quot;unit&quot;:&quot;px&quot;,&quot;size&quot;:10,&quot;sizes&quot;:[]},&quot;gap_mobile&quot;:{&quot;unit&quot;:&quot;px&quot;,&quot;size&quot;:10,&quot;sizes&quot;:[]},&quot;link_to&quot;:&quot;file&quot;,&quot;aspect_ratio&quot;:&quot;3:2&quot;,&quot;overlay_background&quot;:&quot;yes&quot;,&quot;content_hover_animation&quot;:&quot;fade-in&quot;}\" data-widget_type=\"gallery.default\">\n\t\t\t\t<div class=\"elementor-widget-container\">\n\t\t\t\t\t\t\t<div class=\"elementor-gallery__container\">\n\t\t\t\t\t\t\t<a class=\"e-gallery-item elementor-gallery-item elementor-animated-content\" href=\"https:\/\/martialarts.budo7.com\/wp-content\/uploads\/2025\/09\/BUD07665-OK-1-1.jpg\" data-elementor-open-lightbox=\"no\">\n\t\t\t\t\t<div class=\"e-gallery-image elementor-gallery-item__image\" data-thumbnail=\"https:\/\/martialarts.budo7.com\/wp-content\/uploads\/2025\/09\/BUD07665-OK-1-1-1536x866.jpg\" data-width=\"1536\" data-height=\"866\" aria-label=\"\" role=\"img\" ><\/div>\n\t\t\t\t\t\t\t\t\t\t\t<div class=\"elementor-gallery-item__overlay\"><\/div>\n\t\t\t\t\t\t\t\t\t\t\t\t\t\t<\/a>\n\t\t\t\t\t\t\t<a class=\"e-gallery-item elementor-gallery-item elementor-animated-content\" href=\"https:\/\/martialarts.budo7.com\/wp-content\/uploads\/2025\/09\/BUD07674-OK-3-1-rotated.jpg\" data-elementor-open-lightbox=\"no\">\n\t\t\t\t\t<div class=\"e-gallery-image elementor-gallery-item__image\" data-thumbnail=\"https:\/\/martialarts.budo7.com\/wp-content\/uploads\/2025\/09\/BUD07674-OK-3-1-866x1536.jpg\" data-width=\"866\" data-height=\"1536\" aria-label=\"\" role=\"img\" ><\/div>\n\t\t\t\t\t\t\t\t\t\t\t<div class=\"elementor-gallery-item__overlay\"><\/div>\n\t\t\t\t\t\t\t\t\t\t\t\t\t\t<\/a>\n\t\t\t\t\t\t\t<a class=\"e-gallery-item elementor-gallery-item elementor-animated-content\" href=\"https:\/\/martialarts.budo7.com\/wp-content\/uploads\/2025\/09\/BUD07676-OK-2-1.jpg\" data-elementor-open-lightbox=\"no\">\n\t\t\t\t\t<div class=\"e-gallery-image elementor-gallery-item__image\" data-thumbnail=\"https:\/\/martialarts.budo7.com\/wp-content\/uploads\/2025\/09\/BUD07676-OK-2-1-1536x866.jpg\" data-width=\"1536\" data-height=\"866\" aria-label=\"\" role=\"img\" ><\/div>\n\t\t\t\t\t\t\t\t\t\t\t<div class=\"elementor-gallery-item__overlay\"><\/div>\n\t\t\t\t\t\t\t\t\t\t\t\t\t\t<\/a>\n\t\t\t\t\t\t\t<a class=\"e-gallery-item elementor-gallery-item elementor-animated-content\" href=\"https:\/\/martialarts.budo7.com\/wp-content\/uploads\/2025\/09\/BUD07619-OK-4-1.jpg\" data-elementor-open-lightbox=\"no\">\n\t\t\t\t\t<div class=\"e-gallery-image elementor-gallery-item__image\" data-thumbnail=\"https:\/\/martialarts.budo7.com\/wp-content\/uploads\/2025\/09\/BUD07619-OK-4-1-1536x866.jpg\" data-width=\"1536\" data-height=\"866\" aria-label=\"\" role=\"img\" ><\/div>\n\t\t\t\t\t\t\t\t\t\t\t<div class=\"elementor-gallery-item__overlay\"><\/div>\n\t\t\t\t\t\t\t\t\t\t\t\t\t\t<\/a>\n\t\t\t\t\t\t\t<a class=\"e-gallery-item elementor-gallery-item elementor-animated-content\" href=\"https:\/\/martialarts.budo7.com\/wp-content\/uploads\/2025\/09\/BUD07649-OK-4-1-rotated.jpg\" data-elementor-open-lightbox=\"no\">\n\t\t\t\t\t<div class=\"e-gallery-image elementor-gallery-item__image\" data-thumbnail=\"https:\/\/martialarts.budo7.com\/wp-content\/uploads\/2025\/09\/BUD07649-OK-4-1-866x1536.jpg\" data-width=\"866\" data-height=\"1536\" aria-label=\"\" role=\"img\" ><\/div>\n\t\t\t\t\t\t\t\t\t\t\t<div class=\"elementor-gallery-item__overlay\"><\/div>\n\t\t\t\t\t\t\t\t\t\t\t\t\t\t<\/a>\n\t\t\t\t\t\t\t<a class=\"e-gallery-item elementor-gallery-item elementor-animated-content\" href=\"https:\/\/martialarts.budo7.com\/wp-content\/uploads\/2025\/09\/BUD07660-OK-1-rotated.jpg\" data-elementor-open-lightbox=\"no\">\n\t\t\t\t\t<div class=\"e-gallery-image elementor-gallery-item__image\" data-thumbnail=\"https:\/\/martialarts.budo7.com\/wp-content\/uploads\/2025\/09\/BUD07660-OK-1-866x1536.jpg\" data-width=\"866\" data-height=\"1536\" aria-label=\"\" role=\"img\" ><\/div>\n\t\t\t\t\t\t\t\t\t\t\t<div class=\"elementor-gallery-item__overlay\"><\/div>\n\t\t\t\t\t\t\t\t\t\t\t\t\t\t<\/a>\n\t\t\t\t\t<\/div>\n\t\t\t\t\t<\/div>\n\t\t\t\t<\/div>\n\t\t\t\t\t<\/div>\n\t\t\t\t<\/div>\n\t\t\t\t<\/div>\n\t\t","protected":false},"excerpt":{"rendered":"<p>Bas\u0131n A\u00e7\u0131klamas\u0131 (Uzun Versiyon) \u0130stanbul: Soke Irie Yasuhiro, Metin Kayar&#8217;\u0131 onurland\u0131r\u0131yor \u2013 &#8220;Recognition of Excellence&#8221;; 10. Dan Hanshi on y\u0131l sonra yeniden teyit edildi ve Kokodo Bujutsu&#8217;daki haleflik onayland\u0131 \u0130stanbul, 19 Eyl\u00fcl 2025. Soke Irie Yasuhiro, Kokodo Jujutsu &amp; Kokodo Bujutsu&#8216;nun kurucusu, Japonya&#8217;dan \u0130stanbul&#8217;a Liechtensteiner d\u00f6v\u00fc\u015f sanat\u00e7\u0131s\u0131 Metin Kayar&#8216;\u0131 onurland\u0131rmak ve yakla\u015f\u0131k on y\u0131l \u00f6nce [&hellip;]<\/p>\n","protected":false},"author":1,"featured_media":0,"parent":0,"menu_order":0,"comment_status":"closed","ping_status":"closed","template":"","meta":{"site-sidebar-layout":"no-sidebar","site-content-layout":"page-builder","ast-site-content-layout":"full-width-container","site-content-style":"default","site-sidebar-style":"default","ast-global-header-display":"","ast-banner-title-visibility":"","ast-main-header-display":"","ast-hfb-above-header-display":"","ast-hfb-below-header-display":"","ast-hfb-mobile-header-display":"","site-post-title":"disabled","ast-breadcrumbs-content":"","ast-featured-img":"disabled","footer-sml-layout":"","theme-transparent-header-meta":"enabled","adv-header-id-meta":"","stick-header-meta":"","header-above-stick-meta":"","header-main-stick-meta":"","header-below-stick-meta":"","astra-migrate-meta-layouts":"default","ast-page-background-enabled":"default","ast-page-background-meta":{"desktop":{"background-color":"","background-image":"","background-repeat":"repeat","background-position":"center center","background-size":"auto","background-attachment":"scroll","background-type":"","background-media":"","overlay-type":"","overlay-color":"","overlay-opacity":"","overlay-gradient":""},"tablet":{"background-color":"","background-image":"","background-repeat":"repeat","background-position":"center center","background-size":"auto","background-attachment":"scroll","background-type":"","background-media":"","overlay-type":"","overlay-color":"","overlay-opacity":"","overlay-gradient":""},"mobile":{"background-color":"","background-image":"","background-repeat":"repeat","background-position":"center center","background-size":"auto","background-attachment":"scroll","background-type":"","background-media":"","overlay-type":"","overlay-color":"","overlay-opacity":"","overlay-gradient":""}},"ast-content-background-meta":{"desktop":{"background-color":"var(--ast-global-color-5)","background-image":"","background-repeat":"repeat","background-position":"center center","background-size":"auto","background-attachment":"scroll","background-type":"","background-media":"","overlay-type":"","overlay-color":"","overlay-opacity":"","overlay-gradient":""},"tablet":{"background-color":"var(--ast-global-color-5)","background-image":"","background-repeat":"repeat","background-position":"center center","background-size":"auto","background-attachment":"scroll","background-type":"","background-media":"","overlay-type":"","overlay-color":"","overlay-opacity":"","overlay-gradient":""},"mobile":{"background-color":"var(--ast-global-color-5)","background-image":"","background-repeat":"repeat","background-position":"center center","background-size":"auto","background-attachment":"scroll","background-type":"","background-media":"","overlay-type":"","overlay-color":"","overlay-opacity":"","overlay-gradient":""}},"footnotes":""},"class_list":["post-8701","page","type-page","status-publish","hentry"],"_links":{"self":[{"href":"https:\/\/martialarts.budo7.com\/tr\/wp-json\/wp\/v2\/pages\/8701","targetHints":{"allow":["GET"]}}],"collection":[{"href":"https:\/\/martialarts.budo7.com\/tr\/wp-json\/wp\/v2\/pages"}],"about":[{"href":"https:\/\/martialarts.budo7.com\/tr\/wp-json\/wp\/v2\/types\/page"}],"author":[{"embeddable":true,"href":"https:\/\/martialarts.budo7.com\/tr\/wp-json\/wp\/v2\/users\/1"}],"replies":[{"embeddable":true,"href":"https:\/\/martialarts.budo7.com\/tr\/wp-json\/wp\/v2\/comments?post=8701"}],"version-history":[{"count":1,"href":"https:\/\/martialarts.budo7.com\/tr\/wp-json\/wp\/v2\/pages\/8701\/revisions"}],"predecessor-version":[{"id":8702,"href":"https:\/\/martialarts.budo7.com\/tr\/wp-json\/wp\/v2\/pages\/8701\/revisions\/8702"}],"wp:attachment":[{"href":"https:\/\/martialarts.budo7.com\/tr\/wp-json\/wp\/v2\/media?parent=8701"}],"curies":[{"name":"wp","href":"https:\/\/api.w.org\/{rel}","templated":true}]}}